{"id":1881,"date":"2023-05-15T07:37:07","date_gmt":"2023-05-15T07:37:07","guid":{"rendered":"https:\/\/megoldassecurity.hu\/?page_id=1881"},"modified":"2023-06-05T12:46:31","modified_gmt":"2023-06-05T12:46:31","slug":"hikvision","status":"publish","type":"page","link":"https:\/\/megoldassecurity.hu\/index.php\/hikvision\/","title":{"rendered":"Hikvision\u00ae"},"content":{"rendered":"\n\n\n<p><strong>A Megold\u00e1s Security aj\u00e1nlata: Vezet\u00e9k n\u00e9lk\u00fcli Hikvision<span class=\"field\">\u00ae <\/span>okos riaszt\u00f3rendszer 0 Ft!<\/strong><\/p>\n<p><a href=\"https:\/\/megoldassecurity.hu\/wp-content\/uploads\/2023\/05\/AX-Pro-Landingpage-family-scaled.jpg\"><img decoding=\"async\" loading=\"lazy\" class=\"alignleft size-medium wp-image-2528\" src=\"https:\/\/megoldassecurity.hu\/wp-content\/uploads\/2023\/05\/AX-Pro-Landingpage-family-300x169.jpg\" alt=\"\" width=\"300\" height=\"169\" srcset=\"https:\/\/megoldassecurity.hu\/wp-content\/uploads\/2023\/05\/AX-Pro-Landingpage-family-300x169.jpg 300w, https:\/\/megoldassecurity.hu\/wp-content\/uploads\/2023\/05\/AX-Pro-Landingpage-family-1024x576.jpg 1024w, https:\/\/megoldassecurity.hu\/wp-content\/uploads\/2023\/05\/AX-Pro-Landingpage-family-768x432.jpg 768w, https:\/\/megoldassecurity.hu\/wp-content\/uploads\/2023\/05\/AX-Pro-Landingpage-family-1536x864.jpg 1536w, https:\/\/megoldassecurity.hu\/wp-content\/uploads\/2023\/05\/AX-Pro-Landingpage-family-2048x1152.jpg 2048w\" sizes=\"(max-width: 300px) 100vw, 300px\" \/><\/a>Gy\u0151rben els\u0151k\u00e9nt n\u00e1lunk el\u00e9rhet\u0151 a vil\u00e1g egyik legnagyobb biztons\u00e1gtechnikai gy\u00e1rt\u00f3j\u00e1nak okosrendszere 0 Ft-os csomaggal. Amennyiben szeretn\u00e9 \u00e9rt\u00e9keit \u00e1lland\u00f3 biztons\u00e1gban tudni, egy diz\u00e1jnos, korunk legfejlettebb technol\u00f3gi\u00e1j\u00e1t felvonultat\u00f3 eszk\u00f6z\u00e9vel, mely val\u00f3ban ingatlanja d\u00edsze lehet, a Hikvison\u00ae 0Ft-os szett\u00fcnk lehet az ide\u00e1lis megold\u00e1s. Az esem\u00e9nyek k\u00e9nyelmesen, egyetlen alkalmaz\u00e1sb\u00f3l vez\u00e9relve fel\u00fcgyelhet\u0151k. Bet\u00f6r\u00e9s vagy vesz\u00e9ly eset\u00e9n az okos megold\u00e1snak k\u00f6sz\u00f6nhet\u0151en r\u00f6gt\u00f6n jelez a rendszer az applik\u00e1ci\u00f3n kereszt\u00fcl, \u00edgy \u00d6n egyidej\u0171leg minden esem\u00e9nyr\u0151l \u00e9rtes\u00fcl, amit az eszk\u00f6z tov\u00e1bb\u00edt fel\u00fcgyelet\u00fcnk ir\u00e1ny\u00e1ba. Ne \u00e9rje be kevesebbel, v\u00e1lassza a Hikvison\u00ae \u00e9s c\u00e9g\u00fcnk \u00e1ltal ny\u00fajtott maxim\u00e1lis biztons\u00e1got!<\/p>\n<p><a href=\"https:\/\/megoldassecurity.hu\/wp-content\/uploads\/2023\/05\/Hikvision_AxPro2.jpg\"><img decoding=\"async\" loading=\"lazy\" class=\"alignleft size-full wp-image-2520\" src=\"https:\/\/megoldassecurity.hu\/wp-content\/uploads\/2023\/05\/Hikvision_AxPro2.jpg\" alt=\"\" width=\"860\" height=\"412\" srcset=\"https:\/\/megoldassecurity.hu\/wp-content\/uploads\/2023\/05\/Hikvision_AxPro2.jpg 860w, https:\/\/megoldassecurity.hu\/wp-content\/uploads\/2023\/05\/Hikvision_AxPro2-300x144.jpg 300w, https:\/\/megoldassecurity.hu\/wp-content\/uploads\/2023\/05\/Hikvision_AxPro2-768x368.jpg 768w\" sizes=\"(max-width: 860px) 100vw, 860px\" \/><\/a><\/p>\n<p><strong>Magas min\u0151s\u00e9g, megb\u00edzhat\u00f3s\u00e1g: ez a Hikvision<span class=\"field\">\u00ae<\/span><\/strong><\/p>\n<p>A Hikvision\u00ae el\u0151sz\u00f6r a Pyronix c\u00e9g felv\u00e1s\u00e1rl\u00e1s\u00e1val (2016), majd saj\u00e1t riaszt\u00f3k\u00f6zpont fejleszt\u00e9s\u00e9vel l\u00e9pett be a riaszt\u00f3gy\u00e1rt\u00e1s vil\u00e1g\u00e1ba 2018-ban. Az AXHub n\u00e9ven fut\u00f3 \u00e1gazat \u00faj gener\u00e1ci\u00f3ja, az AX Pro pedig id\u00e9n, 2020 \u0151sz\u00e9n deb\u00fct\u00e1l a vil\u00e1gpiacon.<em>\u00a0<\/em><\/p>\n<p><strong>Meg\u00e9rkezett a Hikvision\u00ae AX riaszt\u00f3k\u00f6zpontok \u00faj gener\u00e1ci\u00f3ja!<\/strong><\/p>\n<p>Applik\u00e1ci\u00f3 alap\u00fa vez\u00e9rl\u00e9s, teljes vezet\u00e9kmentess\u00e9g, nagy hat\u00f3t\u00e1vols\u00e1g \u00e9s stabil kapcsolat jellemzi az \u00faj rendszert. Az al\u00e1bbiakban r\u00e9szletesen bemutatjuk az \u00faj term\u00e9kcsal\u00e1d legfontosabb funkci\u00f3it:<\/p>\n<p><strong>\u2022 <\/strong>A Tri-X vezet\u00e9k n\u00e9lk\u00fcli technol\u00f3gia teszi lehet\u0151v\u00e9, hogy ak\u00e1r 1,2-2 km m\u00e9ter t\u00e1vols\u00e1gra eljuttassuk az eszk\u00f6z\u00f6k k\u00f6z\u00f6tti jeleket.<\/p>\n<p>\u2022 A be\u00e9p\u00edtett du\u00e1l-r\u00e1d\u00f3frekvenci\u00e1s chipnek (Dual RF chip) k\u00f6sz\u00f6nhet\u0151en a Tri-X \u00e9s a CAM-X vezet\u00e9kn\u00e9lk\u00fcli technol\u00f3gi\u00e1t is f\u00fcggetlen kommunik\u00e1ci\u00f3s csatorn\u00e1kk\u00e9nt haszn\u00e1lja a rendszer. A Tri-X vezet\u00e9k n\u00e9lk\u00fcli processzor dolgozza fel az \u00e9rz\u00e9kel\u0151k \u00e1ltal k\u00fcld\u00f6tt jelet, a CAM-X processzor pedig a PIRCAM \u00e1ltal k\u00fcld\u00f6tt vide\u00f3jelet.<\/p>\n<p><a href=\"https:\/\/megoldassecurity.hu\/wp-content\/uploads\/2023\/05\/AX-Pro_benefit03.jpg\"><img decoding=\"async\" loading=\"lazy\" class=\"alignleft  wp-image-2531\" src=\"https:\/\/megoldassecurity.hu\/wp-content\/uploads\/2023\/05\/AX-Pro_benefit03.jpg\" alt=\"\" width=\"374\" height=\"211\" srcset=\"https:\/\/megoldassecurity.hu\/wp-content\/uploads\/2023\/05\/AX-Pro_benefit03.jpg 647w, https:\/\/megoldassecurity.hu\/wp-content\/uploads\/2023\/05\/AX-Pro_benefit03-300x169.jpg 300w\" sizes=\"(max-width: 374px) 100vw, 374px\" \/><\/a>\u2022 Az \u00faj AX Pro egyik k\u00fcl\u00f6nlegess\u00e9ge, hogy m\u00e1r teljes eg\u00e9sz\u00e9ben applik\u00e1ci\u00f3n kereszt\u00fcl vez\u00e9relhet\u0151. A falra szerelhet\u0151 kezel\u0151egys\u00e9g nem szerves r\u00e9sze a rendszernek, b\u00e1r tov\u00e1bbra is haszn\u00e1lhat\u00f3. A Hik-Connecten kereszt\u00fcl be- \u00e9s kikapcsolhatjuk a rendszert, riaszt\u00e1sokat kezelhet\u00fcnk, st\u00e1tuszinform\u00e1ci\u00f3t kaphatunk minden csatlakoztatott szenzorr\u00f3l.<\/p>\n<p>\u00a0<\/p>\n","protected":false},"excerpt":{"rendered":"<p>A Megold\u00e1s Security aj\u00e1nlata: Vezet\u00e9k n\u00e9lk\u00fcli Hikvision\u00ae okos riaszt\u00f3rendszer 0 Ft! Gy\u0151rben els\u0151k\u00e9nt n\u00e1lunk el\u00e9rhet\u0151 a vil\u00e1g egyik legnagyobb biztons\u00e1gtechnikai gy\u00e1rt\u00f3j\u00e1nak okosrendszere 0 Ft-os csomaggal. Amennyiben szeretn\u00e9 \u00e9rt\u00e9keit \u00e1lland\u00f3 biztons\u00e1gban tudni, egy diz\u00e1jnos, korunk legfejlettebb technol\u00f3gi\u00e1j\u00e1t felvonultat\u00f3 eszk\u00f6z\u00e9vel, mely val\u00f3ban ingatlanja d\u00edsze lehet, a Hikvison\u00ae 0Ft-os szett\u00fcnk lehet az ide\u00e1lis megold\u00e1s. Az esem\u00e9nyek k\u00e9nyelmesen, egyetlen<br \/><a class=\"moretag\" href=\"https:\/\/megoldassecurity.hu\/index.php\/hikvision\/\">+ Read More<\/a><\/p>\n","protected":false},"author":3,"featured_media":0,"parent":0,"menu_order":0,"comment_status":"closed","ping_status":"closed","template":"templates\/page-nosidebar_template.php","meta":[],"_links":{"self":[{"href":"https:\/\/megoldassecurity.hu\/index.php\/wp-json\/wp\/v2\/pages\/1881"}],"collection":[{"href":"https:\/\/megoldassecurity.hu\/index.php\/wp-json\/wp\/v2\/pages"}],"about":[{"href":"https:\/\/megoldassecurity.hu\/index.php\/wp-json\/wp\/v2\/types\/page"}],"author":[{"embeddable":true,"href":"https:\/\/megoldassecurity.hu\/index.php\/wp-json\/wp\/v2\/users\/3"}],"replies":[{"embeddable":true,"href":"https:\/\/megoldassecurity.hu\/index.php\/wp-json\/wp\/v2\/comments?post=1881"}],"version-history":[{"count":11,"href":"https:\/\/megoldassecurity.hu\/index.php\/wp-json\/wp\/v2\/pages\/1881\/revisions"}],"predecessor-version":[{"id":2543,"href":"https:\/\/megoldassecurity.hu\/index.php\/wp-json\/wp\/v2\/pages\/1881\/revisions\/2543"}],"wp:attachment":[{"href":"https:\/\/megoldassecurity.hu\/index.php\/wp-json\/wp\/v2\/media?parent=1881"}],"curies":[{"name":"wp","href":"https:\/\/api.w.org\/{rel}","templated":true}]}}