{"id":1879,"date":"2023-05-15T07:36:18","date_gmt":"2023-05-15T07:36:18","guid":{"rendered":"https:\/\/megoldassecurity.hu\/?page_id=1879"},"modified":"2023-06-05T13:36:11","modified_gmt":"2023-06-05T13:36:11","slug":"rendszereink","status":"publish","type":"page","link":"https:\/\/megoldassecurity.hu\/index.php\/rendszereink\/","title":{"rendered":"Rendszereink"},"content":{"rendered":"\n<p><strong>RIASZT\u00d3RENDSZEREINK<\/strong><\/p>\n<p><strong>Vezet\u00e9kes riaszt\u00f3rendszer szett 0 Ft\u00a0<br \/><\/strong><\/p>\n<p><a href=\"https:\/\/megoldassecurity.hu\/wp-content\/uploads\/2023\/06\/SecoLink_KM20.jpg\"><img decoding=\"async\" loading=\"lazy\" class=\"alignleft  wp-image-2550\" src=\"https:\/\/megoldassecurity.hu\/wp-content\/uploads\/2023\/06\/SecoLink_KM20.jpg\" alt=\"SecoLinkKM20\" width=\"203\" height=\"241\" srcset=\"https:\/\/megoldassecurity.hu\/wp-content\/uploads\/2023\/06\/SecoLink_KM20.jpg 454w, https:\/\/megoldassecurity.hu\/wp-content\/uploads\/2023\/06\/SecoLink_KM20-253x300.jpg 253w\" sizes=\"(max-width: 203px) 100vw, 203px\" \/><\/a>Amennyiben vezet\u00e9kes riaszt\u00f3rendszert szeretne, v\u00e1lasszon minden ingatlant\u00edpusra (gar\u00e1zs, iroda, t\u00e1rsash\u00e1zi lak\u00e1s, panellak\u00e1s, csal\u00e1di h\u00e1z, ipari ingatlan) kiterjed\u0151 0 Ft-os akci\u00f3s szettjeink k\u00f6z\u00fcl, melyekre \u00e9lettartam garanci\u00e1t biztos\u00edtunk. Az \u00e1ltalunk kihelyezett eszk\u00f6z\u00f6k mindegyike pr\u00e9mium kateg\u00f3ri\u00e1s, folyad\u00e9kkrist\u00e1lyos, magyar nyelv\u0171 kezel\u0151fel\u00fclettel ell\u00e1tott term\u00e9k, \u00edgy a haszn\u00e1lat sem jelenthet gondot. A telep\u00edt\u00e9st mindig a legnagyobb odafigyel\u00e9ssel, a lehet\u0151 legkevesebb k\u00e1belez\u00e9ssel, f\u00far\u00e1ssal v\u00e9gzik szakembereink, \u00edgy nyugodtan gondolkodhat vezet\u00e9kes riaszt\u00f3rendszerben a m\u00e1r elk\u00e9sz\u00fclt ingatlanj\u00e1ban, ak\u00e1r a bek\u00f6lt\u00f6z\u00e9st k\u00f6vet\u0151 \u00e9vekben is.<\/p>\n<p><strong>Vezet\u00e9k n\u00e9lk\u00fcli Hikvision\u00ae okos riaszt\u00f3rendszer 0 Ft<\/strong><\/p>\n<p>Gy\u0151rben els\u0151k\u00e9nt n\u00e1lunk el\u00e9rhet\u0151 a vil\u00e1g egyik legnagyobb biztons\u00e1gtechnikai gy\u00e1rt\u00f3j\u00e1nak okosrendszere 0 Ft-os csomaggal.<\/p>\n<p><a href=\"https:\/\/megoldassecurity.hu\/wp-content\/uploads\/2023\/06\/Hikvision_AxPro4-1.jpg\"><img decoding=\"async\" loading=\"lazy\" class=\"alignleft size-full wp-image-2560\" src=\"https:\/\/megoldassecurity.hu\/wp-content\/uploads\/2023\/06\/Hikvision_AxPro4-1.jpg\" alt=\"\" width=\"2240\" height=\"942\" srcset=\"https:\/\/megoldassecurity.hu\/wp-content\/uploads\/2023\/06\/Hikvision_AxPro4-1.jpg 2240w, https:\/\/megoldassecurity.hu\/wp-content\/uploads\/2023\/06\/Hikvision_AxPro4-1-300x126.jpg 300w, https:\/\/megoldassecurity.hu\/wp-content\/uploads\/2023\/06\/Hikvision_AxPro4-1-1024x431.jpg 1024w, https:\/\/megoldassecurity.hu\/wp-content\/uploads\/2023\/06\/Hikvision_AxPro4-1-768x323.jpg 768w, https:\/\/megoldassecurity.hu\/wp-content\/uploads\/2023\/06\/Hikvision_AxPro4-1-1536x646.jpg 1536w, https:\/\/megoldassecurity.hu\/wp-content\/uploads\/2023\/06\/Hikvision_AxPro4-1-2048x861.jpg 2048w\" sizes=\"(max-width: 2240px) 100vw, 2240px\" \/><\/a>Amennyiben szeretn\u00e9 \u00e9rt\u00e9keit \u00e1lland\u00f3 biztons\u00e1gban tudni, egy diz\u00e1jnos, korunk legfejlettebb technol\u00f3gi\u00e1j\u00e1t felvonultat\u00f3 eszk\u00f6z\u00e9vel, mely val\u00f3ban ingatlanja d\u00edsze lehet, a Hikvison\u00ae 0Ft-os szett\u00fcnk lehet az ide\u00e1lis megold\u00e1s. Az esem\u00e9nyek k\u00e9nyelmesen, egyetlen alkalmaz\u00e1sb\u00f3l vez\u00e9relve fel\u00fcgyelhet\u0151k. Bet\u00f6r\u00e9s vagy vesz\u00e9ly eset\u00e9n az okos megold\u00e1snak k\u00f6sz\u00f6nhet\u0151en r\u00f6gt\u00f6n jelez a rendszer az applik\u00e1ci\u00f3n kereszt\u00fcl, \u00edgy \u00d6n egyidej\u0171leg minden esem\u00e9nyr\u0151l \u00e9rtes\u00fcl, amit az eszk\u00f6z tov\u00e1bb\u00edt fel\u00fcgyelet\u00fcnk ir\u00e1ny\u00e1ba. Ne \u00e9rje be kevesebbel, v\u00e1lassza a Hikvison\u00ae \u00e9s c\u00e9g\u00fcnk \u00e1ltal ny\u00fajtott maxim\u00e1lis biztons\u00e1got!<\/p>\n<p>\u00a0<\/p>\n<p><strong>KAMERARENDSZEREINK<\/strong><\/p>\n<p><strong>Hikvision<span class=\"field\">\u00ae<\/span> kameraszett 2MP\u20134K<\/strong><\/p>\n<p><a href=\"https:\/\/megoldassecurity.hu\/wp-content\/uploads\/2023\/06\/Hikvision_kamera.jpg\"><img decoding=\"async\" loading=\"lazy\" class=\"wp-image-2564 alignleft\" src=\"https:\/\/megoldassecurity.hu\/wp-content\/uploads\/2023\/06\/Hikvision_kamera.jpg\" alt=\"\" width=\"354\" height=\"277\" srcset=\"https:\/\/megoldassecurity.hu\/wp-content\/uploads\/2023\/06\/Hikvision_kamera.jpg 400w, https:\/\/megoldassecurity.hu\/wp-content\/uploads\/2023\/06\/Hikvision_kamera-300x234.jpg 300w\" sizes=\"(max-width: 354px) 100vw, 354px\" \/><\/a>C\u00e9g\u00fcnk minden ingatlant\u00edpusra k\u00edn\u00e1l akci\u00f3s Hikvision<span class=\"field\">\u00ae<\/span> kameraszettet a 2MP-t\u0151l a 4K megold\u00e1sokig.<\/p>\n<p><strong>Mi\u00e9rt v\u00e1lasszon minket \u00e9s a Hikvision<span class=\"field\">\u00ae<\/span>-t?<\/strong><\/p>\n<p>\u2022 A Hikvision<span class=\"field\">\u00ae<\/span> egy vil\u00e1gszerte ismert \u00e9s elismert v\u00e1llalat, amely a biztons\u00e1gi kamer\u00e1k \u00e9s egy\u00e9b videomegfigyel\u0151 rendszerek ter\u00fclet\u00e9n tev\u00e9kenykedik.<\/p>\n<p>\u2022 A Hikvision<span class=\"field\">\u00ae<\/span> k\u00fcl\u00f6nf\u00e9le term\u00e9keket k\u00edn\u00e1l, bele\u00e9rtve a bels\u0151 \u00e9s k\u00fcls\u0151 helysz\u00ednekre sz\u00e1nt kamer\u00e1kat, DVR (Digit\u00e1lis Vide\u00f3 R\u00f6gz\u00edt\u0151) \u00e9s NVR (H\u00e1l\u00f3zati Vide\u00f3 R\u00f6gz\u00edt\u0151) eszk\u00f6z\u00f6ket, IP alap\u00fa megold\u00e1sokat, vezet\u00e9k n\u00e9lk\u00fcli rendszereket \u00e9s m\u00e9g sok m\u00e1st.<\/p>\n<p>\u2022 Az IP alap\u00fa kamer\u00e1k lehet\u0151v\u00e9 teszik a felhaszn\u00e1l\u00f3k sz\u00e1m\u00e1ra, hogy t\u00e1volr\u00f3l is hozz\u00e1f\u00e9rjenek a videofelv\u00e9telekhez \u00e9s az \u00e9l\u0151 k\u00e9pekhez internetkapcsolaton kereszt\u00fcl. Ez azt jelenti, hogy b\u00e1rhonnan ellen\u0151rizheti a kamer\u00e1k \u00e1ltal r\u00f6gz\u00edtett esem\u00e9nyeket okostelefonon, t\u00e1blag\u00e9pen vagy sz\u00e1m\u00edt\u00f3g\u00e9pen kereszt\u00fcl.<\/p>\n<p>\u2022 A Hikvision<span class=\"field\">\u00ae<\/span> kamer\u00e1s rendszerek magas min\u0151s\u00e9get, megb\u00edzhat\u00f3s\u00e1got \u00e9s innov\u00e1ci\u00f3t k\u00e9pviselnek. Sz\u00e1mos speci\u00e1lis funkci\u00f3t k\u00edn\u00e1lnak, p\u00e9ld\u00e1ul \u00e9jjell\u00e1t\u00f3 k\u00e9pess\u00e9geket, mozg\u00e1s\u00e9rz\u00e9kel\u00e9st, arcfelismer\u00e9st \u00e9s intelligens analitik\u00e1t, amelyek lehet\u0151v\u00e9 teszik a pontosabb \u00e9s hat\u00e9konyabb biztons\u00e1gi megold\u00e1sokat.<\/p>\n","protected":false},"excerpt":{"rendered":"<p>RIASZT\u00d3RENDSZEREINK Vezet\u00e9kes riaszt\u00f3rendszer szett 0 Ft\u00a0 Amennyiben vezet\u00e9kes riaszt\u00f3rendszert szeretne, v\u00e1lasszon minden ingatlant\u00edpusra (gar\u00e1zs, iroda, t\u00e1rsash\u00e1zi lak\u00e1s, panellak\u00e1s, csal\u00e1di h\u00e1z, ipari ingatlan) kiterjed\u0151 0 Ft-os akci\u00f3s szettjeink k\u00f6z\u00fcl, melyekre \u00e9lettartam garanci\u00e1t biztos\u00edtunk. Az \u00e1ltalunk kihelyezett eszk\u00f6z\u00f6k mindegyike pr\u00e9mium kateg\u00f3ri\u00e1s, folyad\u00e9kkrist\u00e1lyos, magyar nyelv\u0171 kezel\u0151fel\u00fclettel ell\u00e1tott term\u00e9k, \u00edgy a haszn\u00e1lat sem jelenthet gondot. A telep\u00edt\u00e9st mindig a<br \/><a class=\"moretag\" href=\"https:\/\/megoldassecurity.hu\/index.php\/rendszereink\/\">+ Read More<\/a><\/p>\n","protected":false},"author":3,"featured_media":0,"parent":0,"menu_order":0,"comment_status":"closed","ping_status":"closed","template":"templates\/page-nosidebar_template.php","meta":[],"_links":{"self":[{"href":"https:\/\/megoldassecurity.hu\/index.php\/wp-json\/wp\/v2\/pages\/1879"}],"collection":[{"href":"https:\/\/megoldassecurity.hu\/index.php\/wp-json\/wp\/v2\/pages"}],"about":[{"href":"https:\/\/megoldassecurity.hu\/index.php\/wp-json\/wp\/v2\/types\/page"}],"author":[{"embeddable":true,"href":"https:\/\/megoldassecurity.hu\/index.php\/wp-json\/wp\/v2\/users\/3"}],"replies":[{"embeddable":true,"href":"https:\/\/megoldassecurity.hu\/index.php\/wp-json\/wp\/v2\/comments?post=1879"}],"version-history":[{"count":20,"href":"https:\/\/megoldassecurity.hu\/index.php\/wp-json\/wp\/v2\/pages\/1879\/revisions"}],"predecessor-version":[{"id":2569,"href":"https:\/\/megoldassecurity.hu\/index.php\/wp-json\/wp\/v2\/pages\/1879\/revisions\/2569"}],"wp:attachment":[{"href":"https:\/\/megoldassecurity.hu\/index.php\/wp-json\/wp\/v2\/media?parent=1879"}],"curies":[{"name":"wp","href":"https:\/\/api.w.org\/{rel}","templated":true}]}}