{"id":1768,"date":"2019-10-23T12:29:40","date_gmt":"2019-10-23T12:29:40","guid":{"rendered":"https:\/\/sktthemesdemo.net\/medical\/?page_id=69"},"modified":"2023-06-05T14:15:49","modified_gmt":"2023-06-05T14:15:49","slug":"services","status":"publish","type":"page","link":"https:\/\/megoldassecurity.hu\/index.php\/services\/","title":{"rendered":"Szolg\u00e1ltat\u00e1saink"},"content":{"rendered":"\t\t<div data-elementor-type=\"wp-page\" data-elementor-id=\"1768\" class=\"elementor elementor-1768\">\n\t\t\t\t\t\t\t\t\t<section class=\"elementor-section elementor-top-section elementor-element elementor-element-36310293 elementor-section-boxed elementor-section-height-default elementor-section-height-default\" data-id=\"36310293\" data-element_type=\"section\">\n\t\t\t\t\t\t<div class=\"elementor-container elementor-column-gap-default\">\n\t\t\t\t\t<div class=\"elementor-column elementor-col-100 elementor-top-column elementor-element elementor-element-6e065e0f\" data-id=\"6e065e0f\" data-element_type=\"column\">\n\t\t\t<div class=\"elementor-widget-wrap elementor-element-populated\">\n\t\t\t\t\t\t\t\t<section class=\"elementor-section elementor-inner-section elementor-element elementor-element-1d1270e6 elementor-section-boxed elementor-section-height-default elementor-section-height-default\" data-id=\"1d1270e6\" data-element_type=\"section\">\n\t\t\t\t\t\t<div class=\"elementor-container elementor-column-gap-default\">\n\t\t\t\t\t<div class=\"elementor-column elementor-col-33 elementor-inner-column elementor-element elementor-element-5e7b9f66 animated-slow elementor-invisible\" data-id=\"5e7b9f66\" data-element_type=\"column\" data-settings=\"{&quot;animation&quot;:&quot;fadeInDown&quot;}\">\n\t\t\t<div class=\"elementor-widget-wrap\">\n\t\t\t\t\t\t\t\t\t<\/div>\n\t\t<\/div>\n\t\t\t\t<div class=\"elementor-column elementor-col-66 elementor-inner-column elementor-element elementor-element-1d145c40\" data-id=\"1d145c40\" data-element_type=\"column\" data-settings=\"{&quot;background_background&quot;:&quot;classic&quot;}\">\n\t\t\t<div class=\"elementor-widget-wrap elementor-element-populated\">\n\t\t\t\t\t\t\t\t<div class=\"elementor-element elementor-element-3ce521a6 elementor-widget elementor-widget-heading\" data-id=\"3ce521a6\" data-element_type=\"widget\" data-widget_type=\"heading.default\">\n\t\t\t\t<div class=\"elementor-widget-container\">\n\t\t\t<style>\/*! elementor - v3.13.3 - 28-05-2023 *\/\n.elementor-heading-title{padding:0;margin:0;line-height:1}.elementor-widget-heading .elementor-heading-title[class*=elementor-size-]>a{color:inherit;font-size:inherit;line-height:inherit}.elementor-widget-heading .elementor-heading-title.elementor-size-small{font-size:15px}.elementor-widget-heading .elementor-heading-title.elementor-size-medium{font-size:19px}.elementor-widget-heading .elementor-heading-title.elementor-size-large{font-size:29px}.elementor-widget-heading .elementor-heading-title.elementor-size-xl{font-size:39px}.elementor-widget-heading .elementor-heading-title.elementor-size-xxl{font-size:59px}<\/style><h2 class=\"elementor-heading-title elementor-size-default\">Mi\u00e9rt v\u00e1lasszon minket?<\/h2>\t\t<\/div>\n\t\t\t\t<\/div>\n\t\t\t\t<div class=\"elementor-element elementor-element-23439dae elementor-widget elementor-widget-heading\" data-id=\"23439dae\" data-element_type=\"widget\" data-widget_type=\"heading.default\">\n\t\t\t\t<div class=\"elementor-widget-container\">\n\t\t\t<h2 class=\"elementor-heading-title elementor-size-default\">garancia<\/h2>\t\t<\/div>\n\t\t\t\t<\/div>\n\t\t\t\t<div class=\"elementor-element elementor-element-16fd70da elementor-widget elementor-widget-text-editor\" data-id=\"16fd70da\" data-element_type=\"widget\" data-widget_type=\"text-editor.default\">\n\t\t\t\t<div class=\"elementor-widget-container\">\n\t\t\t<style>\/*! elementor - v3.13.3 - 28-05-2023 *\/\n.elementor-widget-text-editor.elementor-drop-cap-view-stacked .elementor-drop-cap{background-color:#69727d;color:#fff}.elementor-widget-text-editor.elementor-drop-cap-view-framed .elementor-drop-cap{color:#69727d;border:3px solid;background-color:transparent}.elementor-widget-text-editor:not(.elementor-drop-cap-view-default) .elementor-drop-cap{margin-top:8px}.elementor-widget-text-editor:not(.elementor-drop-cap-view-default) .elementor-drop-cap-letter{width:1em;height:1em}.elementor-widget-text-editor .elementor-drop-cap{float:left;text-align:center;line-height:1;font-size:50px}.elementor-widget-text-editor .elementor-drop-cap-letter{display:inline-block}<\/style>\t\t\t\t<p>Szak\u00e9rtelm\u00fcnk \u00e9s tapasztalatunk seg\u00edts\u00e9g\u00e9vel biztos\u00edtjuk, hogy minden \u00fcgyfel\u00fcnknek a legmegfelel\u0151bb megold\u00e1st k\u00edn\u00e1ljuk az egyedi ig\u00e9nyekhez. Az \u00fcgyfeleink biztons\u00e1ga \u00e9s v\u00e9delme az els\u0151dleges priorit\u00e1sunk, \u00e9s minden er\u0151forr\u00e1sunkat arra ford\u00edtjuk, hogy megfelelj\u00fcnk ezeknek a k\u00f6vetelm\u00e9nyeknek. A szak\u00e9rtelem, a megb\u00edzhat\u00f3s\u00e1g \u00e9s a garancia \u00f6sszefon\u00f3dik a munk\u00e1nk minden r\u00e9szlet\u00e9ben, \u00e9s ez\u00e9rt vagyunk a legjobb v\u00e1laszt\u00e1s az \u00d6n biztons\u00e1gi ig\u00e9nyeinek kiel\u00e9g\u00edt\u00e9s\u00e9re.<\/p>\t\t\t\t\t\t<\/div>\n\t\t\t\t<\/div>\n\t\t\t\t\t<\/div>\n\t\t<\/div>\n\t\t\t\t\t\t\t<\/div>\n\t\t<\/section>\n\t\t\t\t<section class=\"elementor-section elementor-inner-section elementor-element elementor-element-10055c5a elementor-section-boxed elementor-section-height-default elementor-section-height-default\" data-id=\"10055c5a\" data-element_type=\"section\">\n\t\t\t\t\t\t<div class=\"elementor-container elementor-column-gap-default\">\n\t\t\t\t\t<div class=\"elementor-column elementor-col-33 elementor-inner-column elementor-element elementor-element-177e0a46 animated-slow elementor-invisible\" data-id=\"177e0a46\" data-element_type=\"column\" data-settings=\"{&quot;animation&quot;:&quot;fadeInLeft&quot;}\">\n\t\t\t<div class=\"elementor-widget-wrap elementor-element-populated\">\n\t\t\t\t\t\t\t\t<div class=\"elementor-element elementor-element-5e30d382 elementor-position-top elementor-vertical-align-top elementor-widget elementor-widget-image-box\" data-id=\"5e30d382\" data-element_type=\"widget\" data-widget_type=\"image-box.default\">\n\t\t\t\t<div class=\"elementor-widget-container\">\n\t\t\t<style>\/*! elementor - v3.13.3 - 28-05-2023 *\/\n.elementor-widget-image-box .elementor-image-box-content{width:100%}@media (min-width:768px){.elementor-widget-image-box.elementor-position-left .elementor-image-box-wrapper,.elementor-widget-image-box.elementor-position-right .elementor-image-box-wrapper{display:flex}.elementor-widget-image-box.elementor-position-right .elementor-image-box-wrapper{text-align:right;flex-direction:row-reverse}.elementor-widget-image-box.elementor-position-left .elementor-image-box-wrapper{text-align:left;flex-direction:row}.elementor-widget-image-box.elementor-position-top .elementor-image-box-img{margin:auto}.elementor-widget-image-box.elementor-vertical-align-top .elementor-image-box-wrapper{align-items:flex-start}.elementor-widget-image-box.elementor-vertical-align-middle .elementor-image-box-wrapper{align-items:center}.elementor-widget-image-box.elementor-vertical-align-bottom .elementor-image-box-wrapper{align-items:flex-end}}@media (max-width:767px){.elementor-widget-image-box .elementor-image-box-img{margin-left:auto!important;margin-right:auto!important;margin-bottom:15px}}.elementor-widget-image-box .elementor-image-box-img{display:inline-block}.elementor-widget-image-box .elementor-image-box-title a{color:inherit}.elementor-widget-image-box .elementor-image-box-wrapper{text-align:center}.elementor-widget-image-box .elementor-image-box-description{margin:0}<\/style><div class=\"elementor-image-box-wrapper\"><figure class=\"elementor-image-box-img\"><a href=\"#\"><img decoding=\"async\" width=\"70\" height=\"55\" src=\"https:\/\/megoldassecurity.hu\/wp-content\/uploads\/2023\/06\/Piktogram_tavfelugyelet_kek.jpg\" class=\"attachment-full size-full wp-image-2583\" alt=\"\" loading=\"lazy\" \/><\/a><\/figure><div class=\"elementor-image-box-content\"><h3 class=\"elementor-image-box-title\"><a href=\"#\">24 \u00f3r\u00e1s t\u00e1vfel\u00fcgyelet<\/a><\/h3><p class=\"elementor-image-box-description\">A legjobb, legmodernebb riaszt\u00f3rendszer is csak a 24 \u00f3r\u00e1s t\u00e1vfel\u00fcgyelettel ny\u00fajthat maxim\u00e1lis biztons\u00e1got.<\/p><\/div><\/div>\t\t<\/div>\n\t\t\t\t<\/div>\n\t\t\t\t\t<\/div>\n\t\t<\/div>\n\t\t\t\t<div class=\"elementor-column elementor-col-33 elementor-inner-column elementor-element elementor-element-7bce7b70 animated-slow elementor-invisible\" data-id=\"7bce7b70\" data-element_type=\"column\" data-settings=\"{&quot;animation&quot;:&quot;fadeInLeft&quot;}\">\n\t\t\t<div class=\"elementor-widget-wrap elementor-element-populated\">\n\t\t\t\t\t\t\t\t<div class=\"elementor-element elementor-element-2f749f0c elementor-position-top elementor-vertical-align-top elementor-widget elementor-widget-image-box\" data-id=\"2f749f0c\" data-element_type=\"widget\" data-widget_type=\"image-box.default\">\n\t\t\t\t<div class=\"elementor-widget-container\">\n\t\t\t<div class=\"elementor-image-box-wrapper\"><figure class=\"elementor-image-box-img\"><a href=\"#\"><img decoding=\"async\" width=\"70\" height=\"55\" src=\"https:\/\/megoldassecurity.hu\/wp-content\/uploads\/2023\/06\/Piktogram_kivonuloszolgalat_kek.jpg\" class=\"attachment-full size-full wp-image-2579\" alt=\"\" loading=\"lazy\" \/><\/a><\/figure><div class=\"elementor-image-box-content\"><h3 class=\"elementor-image-box-title\"><a href=\"#\">24 \u00f3r\u00e1s kivonul\u00f3szolg\u00e1lat<\/a><\/h3><p class=\"elementor-image-box-description\">A  kivonul\u00f3szolg\u00e1lat riaszt\u00e1s eset\u00e9n a helysz\u00ednre indul, ott ellen\u0151riz, int\u00e9zkedik, sz\u00fcks\u00e9g szerint biztos\u00edtja a helysz\u00ednt.<\/p><\/div><\/div>\t\t<\/div>\n\t\t\t\t<\/div>\n\t\t\t\t\t<\/div>\n\t\t<\/div>\n\t\t\t\t<div class=\"elementor-column elementor-col-33 elementor-inner-column elementor-element elementor-element-2ae2e4be animated-slow elementor-invisible\" data-id=\"2ae2e4be\" data-element_type=\"column\" data-settings=\"{&quot;animation&quot;:&quot;fadeInLeft&quot;}\">\n\t\t\t<div class=\"elementor-widget-wrap elementor-element-populated\">\n\t\t\t\t\t\t\t\t<div class=\"elementor-element elementor-element-34d4362d elementor-position-top elementor-vertical-align-top elementor-widget elementor-widget-image-box\" data-id=\"34d4362d\" data-element_type=\"widget\" data-widget_type=\"image-box.default\">\n\t\t\t\t<div class=\"elementor-widget-container\">\n\t\t\t<div class=\"elementor-image-box-wrapper\"><figure class=\"elementor-image-box-img\"><a href=\"#\"><img decoding=\"async\" width=\"70\" height=\"55\" src=\"https:\/\/megoldassecurity.hu\/wp-content\/uploads\/2023\/06\/Piktogram_0Ft_kek.jpg\" class=\"attachment-full size-full wp-image-2587\" alt=\"\" loading=\"lazy\" \/><\/a><\/figure><div class=\"elementor-image-box-content\"><h3 class=\"elementor-image-box-title\"><a href=\"#\">0 Ft-os riaszt\u00f3rendszer<\/a><\/h3><p class=\"elementor-image-box-description\">Szem\u00e9lyre szabott csomagok csal\u00e1di h\u00e1zba, t\u00e1rsash\u00e1zi lak\u00e1sba, gar\u00e1zsba, ipari k\u00f6rnyezetbe. \u00c9lettartam garanci\u00e1val!<\/p><\/div><\/div>\t\t<\/div>\n\t\t\t\t<\/div>\n\t\t\t\t\t<\/div>\n\t\t<\/div>\n\t\t\t\t\t\t\t<\/div>\n\t\t<\/section>\n\t\t\t\t\t<\/div>\n\t\t<\/div>\n\t\t\t\t\t\t\t<\/div>\n\t\t<\/section>\n\t\t\t\t\t\t\t<\/div>\n\t\t","protected":false},"excerpt":{"rendered":"<p>Mi\u00e9rt v\u00e1lasszon minket? garancia Szak\u00e9rtelm\u00fcnk \u00e9s tapasztalatunk seg\u00edts\u00e9g\u00e9vel biztos\u00edtjuk, hogy minden \u00fcgyfel\u00fcnknek a legmegfelel\u0151bb megold\u00e1st k\u00edn\u00e1ljuk az egyedi ig\u00e9nyekhez. Az \u00fcgyfeleink biztons\u00e1ga \u00e9s v\u00e9delme az els\u0151dleges priorit\u00e1sunk, \u00e9s minden er\u0151forr\u00e1sunkat arra ford\u00edtjuk, hogy megfelelj\u00fcnk ezeknek a k\u00f6vetelm\u00e9nyeknek. A szak\u00e9rtelem, a megb\u00edzhat\u00f3s\u00e1g \u00e9s a garancia \u00f6sszefon\u00f3dik a munk\u00e1nk minden r\u00e9szlet\u00e9ben, \u00e9s ez\u00e9rt vagyunk a legjobb v\u00e1laszt\u00e1s<br \/><a class=\"moretag\" href=\"https:\/\/megoldassecurity.hu\/index.php\/services\/\">+ Read More<\/a><\/p>\n","protected":false},"author":3,"featured_media":0,"parent":0,"menu_order":0,"comment_status":"closed","ping_status":"closed","template":"templates\/page-nosidebar_template.php","meta":[],"_links":{"self":[{"href":"https:\/\/megoldassecurity.hu\/index.php\/wp-json\/wp\/v2\/pages\/1768"}],"collection":[{"href":"https:\/\/megoldassecurity.hu\/index.php\/wp-json\/wp\/v2\/pages"}],"about":[{"href":"https:\/\/megoldassecurity.hu\/index.php\/wp-json\/wp\/v2\/types\/page"}],"author":[{"embeddable":true,"href":"https:\/\/megoldassecurity.hu\/index.php\/wp-json\/wp\/v2\/users\/3"}],"replies":[{"embeddable":true,"href":"https:\/\/megoldassecurity.hu\/index.php\/wp-json\/wp\/v2\/comments?post=1768"}],"version-history":[{"count":24,"href":"https:\/\/megoldassecurity.hu\/index.php\/wp-json\/wp\/v2\/pages\/1768\/revisions"}],"predecessor-version":[{"id":2590,"href":"https:\/\/megoldassecurity.hu\/index.php\/wp-json\/wp\/v2\/pages\/1768\/revisions\/2590"}],"wp:attachment":[{"href":"https:\/\/megoldassecurity.hu\/index.php\/wp-json\/wp\/v2\/media?parent=1768"}],"curies":[{"name":"wp","href":"https:\/\/api.w.org\/{rel}","templated":true}]}}